{"id":792,"date":"2024-03-04T14:58:13","date_gmt":"2024-03-04T13:58:13","guid":{"rendered":"https:\/\/www.asphaltsprenger.de\/?page_id=792"},"modified":"2025-04-01T12:45:44","modified_gmt":"2025-04-01T10:45:44","slug":"impressum","status":"publish","type":"page","link":"https:\/\/www.asphaltsprenger.de\/en\/impressum\/","title":{"rendered":"Imprint"},"content":{"rendered":"<p>[et_pb_section fb_built=&#8220;1&#8243; _builder_version=&#8220;4.24.2&#8243; _module_preset=&#8220;default&#8220; da_is_singular=&#8220;off&#8220; da_dark_close=&#8220;off&#8220; da_disable_devices=&#8220;off|off|off&#8220; global_colors_info=&#8220;{}&#8220; da_is_popup=&#8220;off&#8220; da_exit_intent=&#8220;off&#8220; da_has_close=&#8220;on&#8220; da_alt_close=&#8220;off&#8220; da_not_modal=&#8220;on&#8220; da_with_loader=&#8220;off&#8220; da_has_shadow=&#8220;on&#8220;][et_pb_row _builder_version=&#8220;4.24.2&#8243; _module_preset=&#8220;default&#8220; width_tablet=&#8220;&#8220; width_phone=&#8220;85%&#8220; width_last_edited=&#8220;on|phone&#8220; global_colors_info=&#8220;{}&#8220; width__hover_enabled=&#8220;off|desktop&#8220;][et_pb_column type=&#8220;4_4&#8243; _builder_version=&#8220;4.24.2&#8243; _module_preset=&#8220;default&#8220; global_colors_info=&#8220;{}&#8220;][et_pb_text _builder_version=&#8220;4.24.2&#8243; _module_preset=&#8220;default&#8220; custom_margin=&#8220;||0px||false|false&#8220; custom_padding=&#8220;||||false|false&#8220; custom_css_main_element=&#8220;h1 {||  font-size: 50px !important;||}&#8220; global_colors_info=&#8220;{}&#8220;]<\/p>\n<h1>Impres&shy;sum<\/h1>\n<p>&nbsp;[\/et_pb_text][et_pb_text _builder_version=&#8220;4.27.4&#8243; _module_preset=&#8220;default&#8220; header_2_font_size=&#8220;22px&#8220; hover_enabled=&#8220;0&#8243; custom_css_main_element=&#8220;h2 {||  margin-top: 40px;\t||}&#8220; global_colors_info=&#8220;{}&#8220; sticky_enabled=&#8220;0&#8243;]<\/p>\n<p>Loki Schmidt Stiftung<br \/>Versmannstra\u00dfe 60<br \/>20457 Hamburg<\/p>\n<h2>Kontakt<\/h2>\n<p>Tel. 040 2840998-0<br \/><a href=\"mailto:info@loki-schmidt-stiftung.de\">info@loki-schmidt-stiftung.de<\/a><\/p>\n<h2>Inhaltliche Pflege<\/h2>\n<p>Volker Uhl (B\u00fcrgerStiftung Hamburg), Adrian Wei\u00df (Loki Schmidt Stiftung)<\/p>\n<h2>V.i.S.d.P.<\/h2>\n<p>Axel Jahn (Loki Schmidt Stiftung)\u00a0<\/p>\n<h2>Das Stadtnatur-Festival Asphaltsprenger wird organisiert von:<\/h2>\n<p>[\/et_pb_text][\/et_pb_column][\/et_pb_row][et_pb_row column_structure=&#8220;1_3,1_3,1_3&#8243; custom_padding_last_edited=&#8220;off|tablet&#8220; _builder_version=&#8220;4.24.2&#8243; _module_preset=&#8220;default&#8220; width_tablet=&#8220;&#8220; width_phone=&#8220;85%&#8220; width_last_edited=&#8220;on|phone&#8220; custom_margin=&#8220;10px||||false|false&#8220; custom_margin_tablet=&#8220;0px||||false|false&#8220; custom_margin_phone=&#8220;0px||||false|false&#8220; custom_margin_last_edited=&#8220;on|phone&#8220; custom_padding=&#8220;0px||0px||false|false&#8220; global_colors_info=&#8220;{}&#8220;][et_pb_column type=&#8220;1_3&#8243; _builder_version=&#8220;4.24.2&#8243; _module_preset=&#8220;default&#8220; global_colors_info=&#8220;{}&#8220; custom_css_main_element_last_edited=&#8220;on|tablet&#8220; custom_css_main_element_tablet=&#8220;width: 50%;&#8220; custom_css_main_element_phone=&#8220;width: 50%;&#8220;][et_pb_image src=&#8220;https:\/\/www.asphaltsprenger.de\/wp-content\/uploads\/2024\/01\/Buergerstiftung-Hamburg_logo.webp&#8220; alt=&#8220;Logo der B\u00fcrgerstiftung Hamburg&#8220; title_text=&#8220;B\u00fcrgerstiftung Hamburg&#8220; url=&#8220;https:\/\/buergerstiftung-hamburg.de\/&#8220; url_new_window=&#8220;on&#8220; _builder_version=&#8220;4.24.2&#8243; _module_preset=&#8220;default&#8220; width=&#8220;85%&#8220; width_tablet=&#8220;75%&#8220; width_phone=&#8220;80%&#8220; width_last_edited=&#8220;on|phone&#8220; custom_padding=&#8220;25px||||false|false&#8220; global_colors_info=&#8220;{}&#8220;][\/et_pb_image][\/et_pb_column][et_pb_column type=&#8220;1_3&#8243; _builder_version=&#8220;4.24.2&#8243; _module_preset=&#8220;default&#8220; global_colors_info=&#8220;{}&#8220; custom_css_main_element_last_edited=&#8220;on|phone&#8220; custom_css_main_element_tablet=&#8220;width: 50%;&#8220; custom_css_main_element_phone=&#8220;width: 50%;&#8220;][et_pb_image src=&#8220;https:\/\/www.asphaltsprenger.de\/wp-content\/uploads\/2024\/01\/Loki-Schmidt-Stiftung_logo.webp&#8220; alt=&#8220;Logo der Loki Schmidt Stiftung&#8220; title_text=&#8220;Loki Schmidt Stiftung&#8220; url=&#8220;https:\/\/loki-schmidt-stiftung.de\/&#8220; url_new_window=&#8220;on&#8220; _builder_version=&#8220;4.24.2&#8243; _module_preset=&#8220;default&#8220; width=&#8220;62%&#8220; width_tablet=&#8220;60%&#8220; width_phone=&#8220;65%&#8220; width_last_edited=&#8220;on|phone&#8220; custom_padding_tablet=&#8220;&#8220; custom_padding_phone=&#8220;10px||||false|false&#8220; custom_padding_last_edited=&#8220;on|phone&#8220; global_colors_info=&#8220;{}&#8220;][\/et_pb_image][\/et_pb_column][et_pb_column type=&#8220;1_3&#8243; disabled_on=&#8220;on|on|off&#8220; _builder_version=&#8220;4.24.2&#8243; _module_preset=&#8220;default&#8220; global_colors_info=&#8220;{}&#8220;][\/et_pb_column][\/et_pb_row][et_pb_row custom_padding_last_edited=&#8220;on|phone&#8220; _builder_version=&#8220;4.24.2&#8243; _module_preset=&#8220;default&#8220; width_tablet=&#8220;&#8220; width_phone=&#8220;85%&#8220; width_last_edited=&#8220;on|phone&#8220; custom_padding=&#8220;100px||||false|false&#8220; custom_padding_tablet=&#8220;0px||||false|false&#8220; custom_padding_phone=&#8220;40px||||false|false&#8220; global_colors_info=&#8220;{}&#8220;][et_pb_column type=&#8220;4_4&#8243; _builder_version=&#8220;4.24.2&#8243; _module_preset=&#8220;default&#8220; global_colors_info=&#8220;{}&#8220;][et_pb_text _builder_version=&#8220;4.24.2&#8243; _module_preset=&#8220;default&#8220; header_2_font_size=&#8220;22px&#8220; custom_css_main_element=&#8220;h2 {||  margin-top: 40px;\t||}&#8220; global_colors_info=&#8220;{}&#8220;]<\/p>\n<h2>Webdesign und Umsetzung<\/h2>\n<p>Annica Lill, <a href=\"https:\/\/lessislovable.de\/\" target=\"_blank\" rel=\"noopener\">lessislovable.de<\/a><\/p>\n<h2>Urheberrecht<\/h2>\n<p>Das Layout der Homepage, die verwendeten Grafiken sowie die Sammlung der Beitr\u00e4ge sind urheberrechtlich gesch\u00fctzt. Die Seiten d\u00fcrfen nur zum privaten Gebrauch vervielf\u00e4ltigt, \u00c4nderungen nicht vorgenommen und Vervielf\u00e4ltigungsst\u00fccke ohne Genehmigung nicht verbreitet werden.<\/p>\n<h2>Haftung f\u00fcr Links<\/h2>\n<p>Die im Rahmen dieses Angebotes weiterverweisenden externen Links zu Angeboten Dritter f\u00fchren zu Inhalten der jeweiligen Anbieter und sind nicht die unsrigen. Diese Verweise sind als solche aus dem Zusammenhang erkennbar oder gesondert gekennzeichnet. Die Loki Schmidt Stiftung hat keinerlei Einfluss auf die dort bereitgehaltenen Inhalte und macht sich diese durch die Verweise nicht zu eigen. Insbesondere distanzieren wir uns ausdr\u00fccklich von den dort abrufbaren \u00c4u\u00dferungen.<\/p>\n<p>Eine Verantwortlichkeit kann im \u00dcbrigen nur begr\u00fcndet werden, wenn wir Kenntnis von Rechtsverletzungen haben und es uns technisch m\u00f6glich und zumutbar ist, deren Nutzung zu verhindern (\u00a7 5 Abs. 2 TDG \/ MDStV). Die Loki Schmidt Stiftung hat die fremden Inhalte auf m\u00f6gliche Rechtsverletzungen in zumutbarem Umfang \u00fcberpr\u00fcft. Verletzungen von Urheber-, Marken- oder Pers\u00f6nlichkeitsrechten oder Verst\u00f6\u00dfe gegen das Wettbewerbsrecht auf den Webseiten der Drittanbieter waren nicht augenscheinlich und sind uns ebenso wenig bekannt wie eine dortige Erf\u00fcllung von Straftatbest\u00e4nden.<\/p>\n<p>[\/et_pb_text][\/et_pb_column][\/et_pb_row][\/et_pb_section]<\/p>\n","protected":false},"excerpt":{"rendered":"<p>Impres&shy;sum &nbsp;Loki Schmidt StiftungVersmannstra\u00dfe 6020457 Hamburg Kontakt Tel. 040 2840998-0info@loki-schmidt-stiftung.de Inhaltliche Pflege Volker Uhl (B\u00fcrgerStiftung Hamburg), Adrian Wei\u00df (Loki Schmidt Stiftung) V.i.S.d.P. Axel Jahn (Loki Schmidt Stiftung)\u00a0 Das Stadtnatur-Festival Asphaltsprenger wird organisiert von:Webdesign und Umsetzung Annica Lill, lessislovable.de Urheberrecht Das Layout der Homepage, die verwendeten Grafiken sowie die Sammlung der Beitr\u00e4ge sind urheberrechtlich gesch\u00fctzt. Die [&hellip;]<\/p>\n","protected":false},"author":1,"featured_media":0,"parent":0,"menu_order":0,"comment_status":"closed","ping_status":"closed","template":"","meta":{"_et_pb_use_builder":"on","_et_pb_old_content":"","_et_gb_content_width":"","footnotes":""},"class_list":["post-792","page","type-page","status-publish","hentry"],"_links":{"self":[{"href":"https:\/\/www.asphaltsprenger.de\/en\/wp-json\/wp\/v2\/pages\/792","targetHints":{"allow":["GET"]}}],"collection":[{"href":"https:\/\/www.asphaltsprenger.de\/en\/wp-json\/wp\/v2\/pages"}],"about":[{"href":"https:\/\/www.asphaltsprenger.de\/en\/wp-json\/wp\/v2\/types\/page"}],"author":[{"embeddable":true,"href":"https:\/\/www.asphaltsprenger.de\/en\/wp-json\/wp\/v2\/users\/1"}],"replies":[{"embeddable":true,"href":"https:\/\/www.asphaltsprenger.de\/en\/wp-json\/wp\/v2\/comments?post=792"}],"version-history":[{"count":1,"href":"https:\/\/www.asphaltsprenger.de\/en\/wp-json\/wp\/v2\/pages\/792\/revisions"}],"predecessor-version":[{"id":3081,"href":"https:\/\/www.asphaltsprenger.de\/en\/wp-json\/wp\/v2\/pages\/792\/revisions\/3081"}],"wp:attachment":[{"href":"https:\/\/www.asphaltsprenger.de\/en\/wp-json\/wp\/v2\/media?parent=792"}],"curies":[{"name":"wp","href":"https:\/\/api.w.org\/{rel}","templated":true}]}}